{"id":191,"date":"2024-11-17T13:58:51","date_gmt":"2024-11-17T13:58:51","guid":{"rendered":"https:\/\/scandiarchitektur.ch\/?page_id=191"},"modified":"2025-07-16T14:13:01","modified_gmt":"2025-07-16T14:13:01","slug":"scandi-3d","status":"publish","type":"page","link":"https:\/\/scandiarchitektur.ch\/pl\/scandi-3d\/","title":{"rendered":"SCANDI 3D - Precyzyjne pomiary 3D i skanowanie laserowe | Nowoczesne rozwi\u0105zania do planowania"},"content":{"rendered":"<p>[et_pb_section fb_built=&#8220;1&#8243; admin_label=&#8220;Header&#8220; _builder_version=&#8220;4.27.4&#8243; _module_preset=&#8220;_initial&#8220; background_enable_color=&#8220;off&#8220; custom_padding=&#8220;0px||1px||false|false&#8220; hover_enabled=&#8220;0&#8243; locked=&#8220;off&#8220; global_colors_info=&#8220;{%22gcid-b6c4f12c-f25d-4f61-9fb1-6e96404634cd%22:%91%22background_color%22%93}&#8220; sticky_enabled=&#8220;0&#8243;][et_pb_row _builder_version=&#8220;4.25.2&#8243; _module_preset=&#8220;_initial&#8220; width=&#8220;90%&#8220; max_width=&#8220;1500px&#8220; global_colors_info=&#8220;{}&#8220;][et_pb_column type=&#8220;4_4&#8243; _builder_version=&#8220;4.25.2&#8243; _module_preset=&#8220;_initial&#8220; global_colors_info=&#8220;{}&#8220;][et_pb_heading title=&#8220;SCAN 3D&#8220; _builder_version=&#8220;4.27.4&#8243; _module_preset=&#8220;_initial&#8220; global_colors_info=&#8220;{}&#8220;][\/et_pb_heading][\/et_pb_column][\/et_pb_row][et_pb_row _builder_version=&#8220;4.27.4&#8243; _module_preset=&#8220;_initial&#8220; width=&#8220;90%&#8220; max_width=&#8220;1500px&#8220; global_colors_info=&#8220;{}&#8220;][et_pb_column type=&#8220;4_4&#8243; _builder_version=&#8220;4.25.2&#8243; _module_preset=&#8220;_initial&#8220; global_colors_info=&#8220;{}&#8220;][et_pb_text _builder_version=&#8220;4.27.4&#8243; _module_preset=&#8220;_initial&#8220; link_text_color=&#8220;gcid-3af73ac2-c4c8-42bd-8ed2-428105015650&#8243; header_font=&#8220;&#8211;et_global_heading_font|100||on|||||&#8220; header_text_color=&#8220;gcid-53054839-b83d-4ef0-8659-8a010e6148fd&#8220; header_letter_spacing=&#8220;2px&#8220; header_line_height=&#8220;110%&#8220; header_2_font=&#8220;&#8211;et_global_heading_font|100||on|||||&#8220; header_2_text_color=&#8220;gcid-53054839-b83d-4ef0-8659-8a010e6148fd&#8220; header_2_font_size=&#8220;48px&#8220; header_2_letter_spacing=&#8220;2px&#8220; header_2_line_height=&#8220;120%&#8220; header_3_font=&#8220;&#8211;et_global_heading_font|100||on|||||&#8220; header_3_text_color=&#8220;gcid-53054839-b83d-4ef0-8659-8a010e6148fd&#8220; header_3_font_size=&#8220;48px&#8220; header_3_letter_spacing=&#8220;2px&#8220; header_3_line_height=&#8220;120%&#8220; header_4_font=&#8220;&#8211;et_global_heading_font|100||on|||||&#8220; header_4_font_size=&#8220;14px&#8220; header_4_letter_spacing=&#8220;2px&#8220; header_4_line_height=&#8220;130%&#8220; header_5_font=&#8220;&#8211;et_global_heading_font|100||on|||||&#8220; header_5_text_color=&#8220;gcid-53054839-b83d-4ef0-8659-8a010e6148fd&#8220; header_5_font_size=&#8220;48px&#8220; header_5_letter_spacing=&#8220;2px&#8220; header_5_line_height=&#8220;140%&#8220; header_6_font=&#8220;&#8211;et_global_heading_font|100||on|||||&#8220; header_6_text_color=&#8220;gcid-53054839-b83d-4ef0-8659-8a010e6148fd&#8220; header_6_font_size=&#8220;48px&#8220; header_6_letter_spacing=&#8220;2px&#8220; header_6_line_height=&#8220;140%&#8220; header_font_size_tablet=&#8220;40px&#8220; header_font_size_phone=&#8220;24px&#8220; header_font_size_last_edited=&#8220;on|tablet&#8220; header_2_font_size_tablet=&#8220;40px&#8220; header_2_font_size_phone=&#8220;24px&#8220; header_2_font_size_last_edited=&#8220;on|tablet&#8220; header_3_font_size_tablet=&#8220;40px&#8220; header_3_font_size_phone=&#8220;24px&#8220; header_3_font_size_last_edited=&#8220;on|tablet&#8220; header_4_font_size_tablet=&#8220;40px&#8220; header_4_font_size_last_edited=&#8220;off|phone&#8220; header_5_font_size_tablet=&#8220;40px&#8220; header_5_font_size_phone=&#8220;24px&#8220; header_5_font_size_last_edited=&#8220;on|tablet&#8220; header_6_font_size_tablet=&#8220;40px&#8220; header_6_font_size_phone=&#8220;24px&#8220; header_6_font_size_last_edited=&#8220;on|tablet&#8220; global_colors_info=&#8220;{%22gcid-53054839-b83d-4ef0-8659-8a010e6148fd%22:%91%22title_text_color%22,%22title_text_color%22,%22title_text_color%22,%22title_text_color%22,%22title_text_color%22,%22title_text_color%22,%22title_text_color%22,%22title_text_color%22,%22title_text_color%22,%22title_text_color%22%93,%22gcid-3af73ac2-c4c8-42bd-8ed2-428105015650%22:%91%22link_text_color%22%93}&#8220;]<\/p>\n<h4>Nowoczesne rozwi\u0105zania geodezyjne w technologii 3D<\/h4>\n<p>Oferujemy innowacyjne us\u0142ugi geodezyjne z wykorzystaniem najnowocze\u015bniejszych system\u00f3w skanowania laserowego. Dzi\u0119ki naszemu wysokiemu poziomowi wiedzy i precyzyjnym narz\u0119dziom pomiarowym mo\u017cemy realizowa\u0107 nawet najbardziej wymagaj\u0105ce projekty.<\/p>\n<h4>Maksymalna niezawodno\u015b\u0107 planowania dzi\u0119ki pomiarom 3D<\/h4>\n<p>Nasza technologia 3D oferuje w\u0142a\u015bcicielom budynk\u00f3w niezawodn\u0105 podstaw\u0119 do podejmowania uzasadnionych decyzji:<\/p>\n<p>- Dok\u0142adna inwentaryzacja: Wczesne wykrycie problem\u00f3w z materia\u0142ami budowlanymi pozwala unikn\u0105\u0107 nieoczekiwanych koszt\u00f3w.<br \/>- Zoptymalizowane planowanie: Precyzyjne dane u\u0142atwiaj\u0105 obliczenia, bud\u017cetowanie i wdra\u017canie.<br \/>- Szybsze podejmowanie decyzji: Wirtualne wycieczki i modele 3D umo\u017cliwiaj\u0105 sprawn\u0105 ocen\u0119.<br \/>- Zr\u00f3wnowa\u017cone procesy: Szczeg\u00f3\u0142owe bazy danych zmniejszaj\u0105 ilo\u015b\u0107 odpad\u00f3w materia\u0142owych i optymalizuj\u0105 procesy.<\/p>\n<h4>Zalety dla architekt\u00f3w i specjalist\u00f3w ds. planowania<\/h4>\n<p>- Bezkolizyjne planowanie: Precyzyjne modele powykonawcze minimalizuj\u0105 b\u0142\u0119dy planowania.<br \/>- Efektywna wsp\u00f3\u0142praca: zasady cyfrowego planowania u\u0142atwiaj\u0105 koordynacj\u0119.<br \/>- Przyspieszenie proces\u00f3w: Dane o wysokiej precyzji wspieraj\u0105 fazy projektowania i zatwierdzania.<br \/>- Szczeg\u00f3\u0142owa dokumentacja: Kompletne inwentaryzacje zapewniaj\u0105 post\u0119p projektu.<\/p>\n<h4>Skanowanie laserowe 3D<\/h4>\n<p>Ta bezdotykowa technologia rejestruje kszta\u0142t, wymiary i geometri\u0119 z maksymaln\u0105 precyzj\u0105. Zintegrowana kamera dostarcza informacji o kolorze. Rezultatem jest chmura punkt\u00f3w, kt\u00f3ra s\u0142u\u017cy jako podstawa modeli BIM lub dokumentacji 3D.<\/p>\n<p>NavVis VLX<\/p>\n<p>Ten mobilny system skanowania laserowego rejestruje dane geometryczne z dok\u0142adno\u015bci\u0105 do milimetra. Zintegrowane kamery umo\u017cliwiaj\u0105 tworzenie panoram 360\u00b0 i wirtualnych wycieczek.<\/p>\n<h4>Chmura punkt\u00f3w 3D<\/h4>\n<p>Chmura punkt\u00f3w stanowi podstaw\u0119 do dalszego przetwarzania, dostosowanego do indywidualnych wymaga\u0144 - od surowych danych po gotowe modele do zarz\u0105dzania projektami budowlanymi.<\/p>\n<h4>Modelowanie 3D BIM<\/h4>\n<p>w\u0142\u0105czy\u0107 modele BIM:<\/p>\n<p>- Tworzenie list cz\u0119\u015bci i oblicze\u0144,<br \/>- Symulacje i wirtualne prezentacje,<br \/>- Optymalizacja proces\u00f3w modernizacyjnych,<br \/>- skuteczna wymiana interdyscyplinarna.<\/p>\n<h4>Georadar<\/h4>\n<p>Nasze us\u0142ugi georadarowe rejestruj\u0105 infrastruktur\u0119 podziemn\u0105 do g\u0142\u0119boko\u015bci 6 metr\u00f3w z wysok\u0105 precyzj\u0105. Wyniki s\u0105 dost\u0119pne jako dokumentacja 2D lub modele 3D.<\/p>\n<p>Dowiedz si\u0119 wi\u0119cej na stronie naszego partnera <a href=\"https:\/\/scan-3d.pl\/en\/our-offer\" target=\"_blank\" rel=\"noopener\">Scan3D<\/a>.<\/p>\n<p>[\/et_pb_text][\/et_pb_column][\/et_pb_row][\/et_pb_section][et_pb_section fb_built=\"1\u2033 admin_label=\"Listings\" _builder_version=\"4.27.4\u2033 _module_preset=\"_initial\" background_enable_video_mp4=\"off\" module_alignment=\"center\" height_tablet=\"450px\" height_phone=\"450px\" height_last_edited=\"on|phone\" global_colors_info=\"{}\"][et_pb_row _builder_version=\"4.27.4\u2033 _module_preset=\"_initial\" background_color=\"RGBA(255,255,255,0)\" background_video_mp4=\"https:\/\/scandiarchitektur.ch\/wp-content\/uploads\/2025\/03\/Scan-3D.mp4\u2033 width=\"90%\" max_width=\"1500px\" module_alignment=\"center\" height=\"450px\" height_tablet=\"450px\" height_phone=\"450px\" height_last_edited=\"on|phone\" locked=\"off\" global_colors_info=\"{}\"][et_pb_column type=\"4_4\u2033 _builder_version=\"4.25.2\u2033 _module_preset=\"_initial\" global_colors_info=\"{}\"][\/et_pb_column][\/et_pb_row][\/et_pb_section]<\/p>","protected":false},"excerpt":{"rendered":"<p>Nowoczesne rozwi\u0105zania geodezyjne w technologii 3D Oferujemy innowacyjne us\u0142ugi geodezyjne z wykorzystaniem najnowocze\u015bniejszych system\u00f3w skanowania laserowego. Dzi\u0119ki naszemu wysokiemu poziomowi wiedzy i precyzyjnym narz\u0119dziom pomiarowym mo\u017cemy realizowa\u0107 nawet najbardziej wymagaj\u0105ce projekty. Maksymalne bezpiecze\u0144stwo planowania dzi\u0119ki geodezji 3D Nasza technologia 3D oferuje w\u0142a\u015bcicielom budynk\u00f3w niezawodn\u0105 podstaw\u0119 do podejmowania uzasadnionych decyzji: - Dok\u0142adna inwentaryzacja powykonawcza: wczesne wykrywanie problem\u00f3w z substancj\u0105 budowlan\u0105 zapobiega nieoczekiwanym kosztom - Zoptymalizowane planowanie: precyzyjne dane u\u0142atwiaj\u0105 kalkulacj\u0119 koszt\u00f3w, bud\u017cetowanie i [...]<\/p>","protected":false},"author":1,"featured_media":0,"parent":0,"menu_order":0,"comment_status":"closed","ping_status":"closed","template":"","meta":{"_et_pb_use_builder":"on","_et_pb_old_content":"","_et_gb_content_width":"","_monsterinsights_skip_tracking":false,"_monsterinsights_sitenote_active":false,"_monsterinsights_sitenote_note":"","_monsterinsights_sitenote_category":0,"footnotes":""},"class_list":["post-191","page","type-page","status-publish","hentry"],"_links":{"self":[{"href":"https:\/\/scandiarchitektur.ch\/pl\/wp-json\/wp\/v2\/pages\/191","targetHints":{"allow":["GET"]}}],"collection":[{"href":"https:\/\/scandiarchitektur.ch\/pl\/wp-json\/wp\/v2\/pages"}],"about":[{"href":"https:\/\/scandiarchitektur.ch\/pl\/wp-json\/wp\/v2\/types\/page"}],"author":[{"embeddable":true,"href":"https:\/\/scandiarchitektur.ch\/pl\/wp-json\/wp\/v2\/users\/1"}],"replies":[{"embeddable":true,"href":"https:\/\/scandiarchitektur.ch\/pl\/wp-json\/wp\/v2\/comments?post=191"}],"version-history":[{"count":35,"href":"https:\/\/scandiarchitektur.ch\/pl\/wp-json\/wp\/v2\/pages\/191\/revisions"}],"predecessor-version":[{"id":261703,"href":"https:\/\/scandiarchitektur.ch\/pl\/wp-json\/wp\/v2\/pages\/191\/revisions\/261703"}],"wp:attachment":[{"href":"https:\/\/scandiarchitektur.ch\/pl\/wp-json\/wp\/v2\/media?parent=191"}],"curies":[{"name":"wp","href":"https:\/\/api.w.org\/{rel}","templated":true}]}}