{"id":260734,"date":"2024-12-01T18:07:50","date_gmt":"2024-12-01T18:07:50","guid":{"rendered":"https:\/\/scandiarchitektur.ch\/?page_id=260734"},"modified":"2025-03-21T16:58:50","modified_gmt":"2025-03-21T16:58:50","slug":"sommerhaus-lillis-umbau-scandi-architektur","status":"publish","type":"page","link":"https:\/\/scandiarchitektur.ch\/pl\/scandi-architektur\/sommerhaus-lillis-umbau-scandi-architektur\/","title":{"rendered":"Domek letniskowy Lillis Konwersja Architektura skandynawska"},"content":{"rendered":"<p>[et_pb_section fb_built=&#8220;1&#8243; admin_label=&#8220;Details&#8220; _builder_version=&#8220;4.25.2&#8243; _module_preset=&#8220;_initial&#8220; locked=&#8220;off&#8220; global_colors_info=&#8220;{}&#8220;][et_pb_row column_structure=&#8220;2_3,1_3&#8243; _builder_version=&#8220;4.27.4&#8243; _module_preset=&#8220;_initial&#8220; width=&#8220;90%&#8220; max_width=&#8220;1500px&#8220; global_colors_info=&#8220;{}&#8220;][et_pb_column type=&#8220;2_3&#8243; _builder_version=&#8220;4.25.2&#8243; _module_preset=&#8220;_initial&#8220; global_colors_info=&#8220;{}&#8220;][et_pb_button button_url=&#8220;@ET-DC@eyJkeW5hbWljIjp0cnVlLCJjb250ZW50IjoicG9zdF9saW5rX3VybF9wYWdlIiwic2V0dGluZ3MiOnsicG9zdF9pZCI6IjExMiJ9fQ==@&#8220; button_text=&#8220;zur\u00fcck&#8220; button_alignment=&#8220;left&#8220; _builder_version=&#8220;4.27.4&#8243; _dynamic_attributes=&#8220;button_url&#8220; _module_preset=&#8220;66bdfbf5-b648-4e47-acab-fd005b2ca56d&#8220; button_text_color=&#8220;#000000&#8243; button_bg_color=&#8220;RGBA(255,255,255,0)&#8220; button_border_radius=&#8220;0px&#8220; button_letter_spacing=&#8220;2px&#8220; button_font=&#8220;|300||on|||||&#8220; button_use_icon=&#8220;on&#8220; button_icon=&#8220;&#x23;||divi||400&#8243; button_icon_placement=&#8220;left&#8220; button_on_hover=&#8220;off&#8220; custom_padding=&#8220;18px|0px|18px|0px|true|true&#8220; saved_tabs=&#8220;all&#8220; global_colors_info=&#8220;{%22gcid-heading-color%22:%91%22button_text_color%22,%22box_shadow_color%22%93}&#8220; box_shadow_vertical__hover_enabled=&#8220;on|hover&#8220; box_shadow_vertical__hover=&#8220;0px&#8220; global_module=&#8220;261369&#8243; theme_builder_area=&#8220;post_content&#8220;][\/et_pb_button][et_pb_heading title=&#8220;Skandinavisches Sommerhaus&#8220; _builder_version=&#8220;4.27.4&#8243; _module_preset=&#8220;_initial&#8220; global_colors_info=&#8220;{%22gcid-b6c4f12c-f25d-4f61-9fb1-6e96404634cd%22:%91%22background_color%22%93,%22gcid-9d262c7e-6d67-4587-933c-30183e6ff134%22:%91%22button_bg_color__hover%22%93,%22gcid-heading-color%22:%91%22button_text_color%22,%22box_shadow_color_button%22,%22form_field_focus_text_color%22,%22border_color_all%22%93}&#8220;][\/et_pb_heading][et_pb_text _builder_version=&#8220;4.27.4&#8243; _module_preset=&#8220;_initial&#8220; header_font=&#8220;Arimo||||||||&#8220; header_font_size=&#8220;90px&#8220; header_line_height=&#8220;110%&#8220; header_2_font=&#8220;Arimo||||||||&#8220; header_2_font_size=&#8220;60px&#8220; header_2_line_height=&#8220;120%&#8220; header_3_font=&#8220;Arimo||||||||&#8220; header_3_font_size=&#8220;42px&#8220; header_3_line_height=&#8220;120%&#8220; header_4_font=&#8220;Arimo||||||||&#8220; header_4_font_size=&#8220;32px&#8220; header_4_line_height=&#8220;130%&#8220; header_5_font=&#8220;Arimo||||||||&#8220; header_5_font_size=&#8220;23px&#8220; header_5_line_height=&#8220;140%&#8220; header_6_font=&#8220;Arimo||||||||&#8220; header_6_font_size=&#8220;16px&#8220; header_6_line_height=&#8220;140%&#8220; text_orientation=&#8220;justified&#8220; header_font_size_tablet=&#8220;40px&#8220; header_font_size_phone=&#8220;24px&#8220; header_font_size_last_edited=&#8220;on|tablet&#8220; header_2_font_size_tablet=&#8220;28px&#8220; header_2_font_size_phone=&#8220;20px&#8220; header_2_font_size_last_edited=&#8220;on|phone&#8220; header_3_font_size_tablet=&#8220;22px&#8220; header_3_font_size_phone=&#8220;17px&#8220; header_3_font_size_last_edited=&#8220;on|phone&#8220; header_4_font_size_tablet=&#8220;18px&#8220; header_4_font_size_phone=&#8220;15px&#8220; header_4_font_size_last_edited=&#8220;on|tablet&#8220; header_5_font_size_tablet=&#8220;15px&#8220; header_5_font_size_phone=&#8220;14px&#8220; header_5_font_size_last_edited=&#8220;on|tablet&#8220; header_6_font_size_tablet=&#8220;13px&#8220; header_6_font_size_phone=&#8220;&#8220; header_6_font_size_last_edited=&#8220;on|desktop&#8220; global_colors_info=&#8220;{}&#8220;]Durch die Neugestaltung des Bades und die moderne K\u00fcche erh\u00e4lt das Sommerhaus einen zeitgem\u00e4ssen Touch. Die lichtdurchflutete Sauna \u00f6ffnet sich zum Ufer hin. Das Design ist darauf ausgerichtet, eine harmonische Verbindung zwischen Mensch und Natur zu schaffen. [\/et_pb_text][et_pb_button button_url=&#8220;#galerie&#8220; button_text=&#8220;siehe Galerie&#8220; button_alignment=&#8220;left&#8220; _builder_version=&#8220;4.27.4&#8243; _module_preset=&#8220;66bdfbf5-b648-4e47-acab-fd005b2ca56d&#8220; button_text_color=&#8220;#000000&#8243; button_bg_color=&#8220;RGBA(255,255,255,0)&#8220; button_border_radius=&#8220;0px&#8220; button_letter_spacing=&#8220;2px&#8220; button_font=&#8220;|300||on|||||&#8220; button_use_icon=&#8220;on&#8220; button_icon=&#8220;&#x22;||divi||400&#8243; button_on_hover=&#8220;off&#8220; custom_padding=&#8220;18px|0px|18px|0px|true|true&#8220; box_shadow_style=&#8220;preset4&#8243; box_shadow_horizontal=&#8220;0px&#8220; box_shadow_vertical=&#8220;1px&#8220; box_shadow_color=&#8220;#000000&#8243; global_module=&#8220;261303&#8243; saved_tabs=&#8220;all&#8220; global_colors_info=&#8220;{%22gcid-heading-color%22:%91%22button_text_color%22,%22box_shadow_color%22%93}&#8220; box_shadow_vertical__hover_enabled=&#8220;on|hover&#8220; box_shadow_vertical__hover=&#8220;0px&#8220;][\/et_pb_button][\/et_pb_column][et_pb_column type=&#8220;1_3&#8243; _builder_version=&#8220;4.27.4&#8243; _module_preset=&#8220;_initial&#8220; background_color=&#8220;RGBA(255,255,255,0)&#8220; custom_padding=&#8220;30px|0px|30px|0px|true|true&#8220; global_colors_info=&#8220;{}&#8220;][et_pb_blurb title=&#8220;Ort&#8220; icon_placement=&#8220;left&#8220; image_icon_width=&#8220;32px&#8220; content_max_width=&#8220;100%&#8220; _builder_version=&#8220;4.27.4&#8243; _module_preset=&#8220;_initial&#8220; header_font=&#8220;&#8211;et_global_heading_font|300|||||||&#8220; body_font=&#8220;|300|||||||&#8220; custom_margin=&#8220;||||false|false&#8220; custom_padding=&#8220;30px||||false|false&#8220; animation=&#8220;off&#8220; border_color_all=&#8220;rgba(0,0,0,0.2)&#8220; border_width_top=&#8220;1px&#8220; locked=&#8220;off&#8220; global_colors_info=&#8220;{}&#8220;]<\/p>\n<p>Naantali, FI<\/p>\n<p>[\/et_pb_blurb][et_pb_blurb title=\"Realizacja\" icon_placement=\"left\" image_icon_width=\"32px\" content_max_width=\"100%\" _builder_version=\"4.27.4\u2033 _module_preset=\"_initial\" header_font=\"-et_global_heading_font|300|||||||\" body_font=\"|300|||||||\" custom_margin=\"||||false|false\" custom_padding=\"30px||||false|false\" animation=\"off\" border_color_all=\"rgba(0,0,0.2)\" border_width_top=\"1px\" locked=\"off\" global_colors_info=\"{}\"]<\/p>\n<p>2021<\/p>\n<p>[\/et_pb_blurb][et_pb_blurb title=\u201cFotografia\u201c icon_placement=\u201cleft\u201c image_icon_width=\u201c32px\u201c content_max_width=\u201c100%\u201c _builder_version=\u201c4.27.4\u2033 _module_preset=\u201c_initial\u201c header_font=\u201c-et_global_heading_font|300|||||||\u201c body_font=\u201c|300|||||||\u201c custom_margin=\u201c||||false|false\u201c custom_padding=\u201c30px||||false|false\u201c animation=\u201coff\u201c border_color_all=\u201crgba(0,0,0.2)\u201c border_width_top=\u201c1px\u201c locked=\u201coff\u201c global_colors_info=\u201c{}\u201c]<\/p>\n<p>Rabbit Visuals Oy<\/p>\n<p>[\/et_pb_blurb][\/et_pb_column][\/et_pb_row][et_pb_row column_structure=&#8220;1_3,1_3,1_3&#8243; use_custom_gutter=&#8220;on&#8220; gutter_width=&#8220;2&#8243; custom_padding_last_edited=&#8220;on|phone&#8220; module_id=&#8220;galerie&#8220; _builder_version=&#8220;4.27.4&#8243; _module_preset=&#8220;_initial&#8220; width=&#8220;90%&#8220; max_width=&#8220;1500px&#8220; custom_padding_tablet=&#8220;&#8220; custom_padding_phone=&#8220;||0px||false|false&#8220; locked=&#8220;off&#8220; global_colors_info=&#8220;{}&#8220;][et_pb_column type=&#8220;1_3&#8243; _builder_version=&#8220;4.25.2&#8243; _module_preset=&#8220;_initial&#8220; global_colors_info=&#8220;{}&#8220;][et_pb_image src=&#8220;https:\/\/scandiarchitektur.ch\/wp-content\/uploads\/2025\/03\/01_LIL.webp&#8220; alt=&#8220;Sommerhaus Lillis Umbau-Projekt von SCANDIArchitektur \u2013 moderne Renovierung mit skandinavischem Design&#8220; title_text=&#8220;Sommerhaus Lillis Umbau Projekt Scandi Architektur&#8220; _builder_version=&#8220;4.27.4&#8243; _module_preset=&#8220;_initial&#8220; global_colors_info=&#8220;{}&#8220; filter_saturate__hover=&#8220;100%&#8220; filter_saturate__hover_enabled=&#8220;off|desktop&#8220;][\/et_pb_image][\/et_pb_column][et_pb_column type=&#8220;1_3&#8243; _builder_version=&#8220;4.25.2&#8243; _module_preset=&#8220;_initial&#8220; global_colors_info=&#8220;{}&#8220;][et_pb_image src=&#8220;https:\/\/scandiarchitektur.ch\/wp-content\/uploads\/2025\/03\/02_LIL.webp&#8220; alt=&#8220;Sommerhaus Lillis Umbau-Projekt von SCANDIArchitektur \u2013 moderne Renovierung mit skandinavischem Design&#8220; title_text=&#8220;Sommerhaus Lillis Umbau Projekt Scandi Architektur&#8220; _builder_version=&#8220;4.27.4&#8243; _module_preset=&#8220;_initial&#8220; global_colors_info=&#8220;{}&#8220; filter_saturate__hover=&#8220;100%&#8220; filter_saturate__hover_enabled=&#8220;on|desktop&#8220;][\/et_pb_image][\/et_pb_column][et_pb_column type=&#8220;1_3&#8243; _builder_version=&#8220;4.25.2&#8243; _module_preset=&#8220;_initial&#8220; global_colors_info=&#8220;{}&#8220;][et_pb_image src=&#8220;https:\/\/scandiarchitektur.ch\/wp-content\/uploads\/2025\/03\/03_LIL_Main.webp&#8220; alt=&#8220;Sommerhaus Lillis Umbau-Projekt von SCANDIArchitektur \u2013 moderne Renovierung mit skandinavischem Design&#8220; title_text=&#8220;Sommerhaus Lillis Umbau Projekt Scandi Architektur&#8220; _builder_version=&#8220;4.27.4&#8243; _module_preset=&#8220;_initial&#8220; global_colors_info=&#8220;{}&#8220; filter_saturate__hover=&#8220;100%&#8220; filter_saturate__hover_enabled=&#8220;on|desktop&#8220;][\/et_pb_image][\/et_pb_column][\/et_pb_row][et_pb_row column_structure=&#8220;1_3,1_3,1_3&#8243; use_custom_gutter=&#8220;on&#8220; gutter_width=&#8220;2&#8243; custom_padding_last_edited=&#8220;on|tablet&#8220; _builder_version=&#8220;4.27.4&#8243; _module_preset=&#8220;_initial&#8220; width=&#8220;90%&#8220; max_width=&#8220;1500px&#8220; custom_padding=&#8220;10px||||false|false&#8220; custom_padding_tablet=&#8220;&#8220; custom_padding_phone=&#8220;30px||0px||false|false&#8220; locked=&#8220;off&#8220; global_colors_info=&#8220;{}&#8220;][et_pb_column type=&#8220;1_3&#8243; _builder_version=&#8220;4.25.2&#8243; _module_preset=&#8220;_initial&#8220; global_colors_info=&#8220;{}&#8220;][et_pb_image src=&#8220;https:\/\/scandiarchitektur.ch\/wp-content\/uploads\/2025\/03\/04_LIL.webp&#8220; alt=&#8220;Sommerhaus Lillis Umbau-Projekt von SCANDIArchitektur \u2013 moderne Renovierung mit skandinavischem Design&#8220; title_text=&#8220;Sommerhaus Lillis Umbau Projekt Scandi Architektur&#8220; _builder_version=&#8220;4.27.4&#8243; _module_preset=&#8220;_initial&#8220; global_colors_info=&#8220;{}&#8220; filter_saturate__hover=&#8220;100%&#8220; filter_saturate__hover_enabled=&#8220;off|desktop&#8220;][\/et_pb_image][\/et_pb_column][et_pb_column type=&#8220;1_3&#8243; _builder_version=&#8220;4.25.2&#8243; _module_preset=&#8220;_initial&#8220; global_colors_info=&#8220;{}&#8220;][et_pb_image src=&#8220;https:\/\/scandiarchitektur.ch\/wp-content\/uploads\/2025\/03\/05_LIL.webp&#8220; alt=&#8220;Sommerhaus Lillis Umbau-Projekt von SCANDIArchitektur \u2013 moderne Renovierung mit skandinavischem Design&#8220; title_text=&#8220;Sommerhaus Lillis Umbau Projekt Scandi Architektur&#8220; _builder_version=&#8220;4.27.4&#8243; _module_preset=&#8220;_initial&#8220; global_colors_info=&#8220;{}&#8220; filter_saturate__hover=&#8220;100%&#8220; filter_saturate__hover_enabled=&#8220;on|desktop&#8220;][\/et_pb_image][\/et_pb_column][et_pb_column type=&#8220;1_3&#8243; _builder_version=&#8220;4.25.2&#8243; _module_preset=&#8220;_initial&#8220; global_colors_info=&#8220;{}&#8220;][et_pb_image src=&#8220;https:\/\/scandiarchitektur.ch\/wp-content\/uploads\/2025\/03\/06_LIL.webp&#8220; alt=&#8220;Sommerhaus Lillis Umbau-Projekt von SCANDIArchitektur \u2013 moderne Renovierung mit skandinavischem Design&#8220; title_text=&#8220;Sommerhaus Lillis Umbau Projekt Scandi Architektur&#8220; _builder_version=&#8220;4.27.4&#8243; _module_preset=&#8220;_initial&#8220; global_colors_info=&#8220;{}&#8220; filter_saturate__hover=&#8220;100%&#8220; filter_saturate__hover_enabled=&#8220;on|desktop&#8220;][\/et_pb_image][\/et_pb_column][\/et_pb_row][et_pb_row column_structure=&#8220;1_3,1_3,1_3&#8243; use_custom_gutter=&#8220;on&#8220; gutter_width=&#8220;2&#8243; custom_padding_last_edited=&#8220;on|tablet&#8220; _builder_version=&#8220;4.27.4&#8243; _module_preset=&#8220;_initial&#8220; width=&#8220;90%&#8220; max_width=&#8220;1500px&#8220; custom_padding=&#8220;10px||||false|false&#8220; custom_padding_tablet=&#8220;&#8220; custom_padding_phone=&#8220;30px||0px||false|false&#8220; locked=&#8220;off&#8220; global_colors_info=&#8220;{}&#8220;][et_pb_column type=&#8220;1_3&#8243; _builder_version=&#8220;4.25.2&#8243; _module_preset=&#8220;_initial&#8220; global_colors_info=&#8220;{}&#8220;][et_pb_image src=&#8220;https:\/\/scandiarchitektur.ch\/wp-content\/uploads\/2025\/03\/07_LIL.webp&#8220; alt=&#8220;Sommerhaus Lillis Umbau-Projekt von SCANDIArchitektur \u2013 moderne Renovierung mit skandinavischem Design&#8220; title_text=&#8220;Sommerhaus Lillis Umbau Projekt Scandi Architektur&#8220; _builder_version=&#8220;4.27.4&#8243; _module_preset=&#8220;_initial&#8220; global_colors_info=&#8220;{}&#8220; filter_saturate__hover=&#8220;100%&#8220; filter_saturate__hover_enabled=&#8220;off|desktop&#8220;][\/et_pb_image][\/et_pb_column][et_pb_column type=&#8220;1_3&#8243; _builder_version=&#8220;4.25.2&#8243; _module_preset=&#8220;_initial&#8220; global_colors_info=&#8220;{}&#8220;][et_pb_image src=&#8220;https:\/\/scandiarchitektur.ch\/wp-content\/uploads\/2025\/03\/08_LIL.webp&#8220; alt=&#8220;Sommerhaus Lillis Umbau-Projekt von SCANDIArchitektur \u2013 moderne Renovierung mit skandinavischem Design&#8220; title_text=&#8220;Sommerhaus Lillis Umbau Projekt Scandi Architektur&#8220; _builder_version=&#8220;4.27.4&#8243; _module_preset=&#8220;_initial&#8220; global_colors_info=&#8220;{}&#8220; filter_saturate__hover=&#8220;100%&#8220; filter_saturate__hover_enabled=&#8220;on|desktop&#8220;][\/et_pb_image][\/et_pb_column][et_pb_column type=&#8220;1_3&#8243; _builder_version=&#8220;4.25.2&#8243; _module_preset=&#8220;_initial&#8220; global_colors_info=&#8220;{}&#8220;][et_pb_image src=&#8220;https:\/\/scandiarchitektur.ch\/wp-content\/uploads\/2025\/03\/09_LIL.webp&#8220; alt=&#8220;Sommerhaus Lillis Umbau-Projekt von SCANDIArchitektur \u2013 moderne Renovierung mit skandinavischem Design&#8220; title_text=&#8220;Sommerhaus Lillis Umbau Projekt Scandi Architektur&#8220; _builder_version=&#8220;4.27.4&#8243; _module_preset=&#8220;_initial&#8220; global_colors_info=&#8220;{}&#8220; filter_saturate__hover=&#8220;100%&#8220; filter_saturate__hover_enabled=&#8220;on|desktop&#8220;][\/et_pb_image][\/et_pb_column][\/et_pb_row][\/et_pb_section]<\/p>","protected":false},"excerpt":{"rendered":"<p>Durch die Neugestaltung des Bades und die moderne K\u00fcche erh\u00e4lt das Sommerhaus einen zeitgem\u00e4ssen Touch. Die lichtdurchflutete Sauna \u00f6ffnet sich zum Ufer hin. Das Design ist darauf ausgerichtet, eine harmonische Verbindung zwischen Mensch und Natur zu schaffen. Naantali, FI2021Rabbit Visuals Oy<\/p>","protected":false},"author":1,"featured_media":0,"parent":112,"menu_order":0,"comment_status":"closed","ping_status":"closed","template":"","meta":{"_et_pb_use_builder":"on","_et_pb_old_content":"","_et_gb_content_width":"","_monsterinsights_skip_tracking":false,"_monsterinsights_sitenote_active":false,"_monsterinsights_sitenote_note":"","_monsterinsights_sitenote_category":0,"footnotes":""},"class_list":["post-260734","page","type-page","status-publish","hentry"],"_links":{"self":[{"href":"https:\/\/scandiarchitektur.ch\/pl\/wp-json\/wp\/v2\/pages\/260734","targetHints":{"allow":["GET"]}}],"collection":[{"href":"https:\/\/scandiarchitektur.ch\/pl\/wp-json\/wp\/v2\/pages"}],"about":[{"href":"https:\/\/scandiarchitektur.ch\/pl\/wp-json\/wp\/v2\/types\/page"}],"author":[{"embeddable":true,"href":"https:\/\/scandiarchitektur.ch\/pl\/wp-json\/wp\/v2\/users\/1"}],"replies":[{"embeddable":true,"href":"https:\/\/scandiarchitektur.ch\/pl\/wp-json\/wp\/v2\/comments?post=260734"}],"version-history":[{"count":8,"href":"https:\/\/scandiarchitektur.ch\/pl\/wp-json\/wp\/v2\/pages\/260734\/revisions"}],"predecessor-version":[{"id":261434,"href":"https:\/\/scandiarchitektur.ch\/pl\/wp-json\/wp\/v2\/pages\/260734\/revisions\/261434"}],"up":[{"embeddable":true,"href":"https:\/\/scandiarchitektur.ch\/pl\/wp-json\/wp\/v2\/pages\/112"}],"wp:attachment":[{"href":"https:\/\/scandiarchitektur.ch\/pl\/wp-json\/wp\/v2\/media?parent=260734"}],"curies":[{"name":"wp","href":"https:\/\/api.w.org\/{rel}","templated":true}]}}