{"id":261645,"date":"2025-07-16T09:30:06","date_gmt":"2025-07-16T09:30:06","guid":{"rendered":"https:\/\/scandiarchitektur.ch\/?page_id=261645"},"modified":"2025-07-16T11:15:45","modified_gmt":"2025-07-16T11:15:45","slug":"home","status":"publish","type":"page","link":"https:\/\/scandiarchitektur.ch\/pl\/home\/","title":{"rendered":"SCANDIArchitecture - skandynawski design w Zurychu | polski architekt"},"content":{"rendered":"<p>[et_pb_section fb_built=&#8220;1&#8243; custom_padding_last_edited=&#8220;on|phone&#8220; admin_label=&#8220;Header&#8220; _builder_version=&#8220;4.27.4&#8243; _module_preset=&#8220;61de7ec9-893b-4547-b515-e61d62afa017&#8243; background_enable_color=&#8220;off&#8220; background_color_gradient_stops=&#8220;rgba(2,2,2,0.22) 0%|rgba(0,0,0,0.12) 99%&#8220; background_image=&#8220;https:\/\/scandiarchitektur.ch\/wp-content\/uploads\/2025\/03\/HOME_na-gorze-min-1-scaled.webp&#8220; parallax=&#8220;on&#8220; parallax_method=&#8220;off&#8220; max_width=&#8220;90%&#8220; module_alignment=&#8220;center&#8220; height=&#8220;650px&#8220; height_tablet=&#8220;650px&#8220; height_phone=&#8220;&#8220; height_last_edited=&#8220;on|phone&#8220; custom_padding=&#8220;10vw||0px||false|false&#8220; custom_padding_tablet=&#8220;20vw||0px||false|false&#8220; custom_padding_phone=&#8220;||20vw||false|false&#8220; border_radii=&#8220;off||||&#8220; locked=&#8220;off&#8220; global_colors_info=&#8220;{}&#8220; theme_builder_area=&#8220;post_content&#8220;][et_pb_row _builder_version=&#8220;4.27.4&#8243; _module_preset=&#8220;8422f81f-2505-4202-aa78-d58dab0ba937&#8243; custom_margin=&#8220;100px||||false|false&#8220; custom_margin_tablet=&#8220;||||false|false&#8220; custom_margin_phone=&#8220;0px||||false|false&#8220; custom_margin_last_edited=&#8220;on|desktop&#8220; global_colors_info=&#8220;{}&#8220; theme_builder_area=&#8220;post_content&#8220;][et_pb_column type=&#8220;4_4&#8243; _builder_version=&#8220;4.25.2&#8243; _module_preset=&#8220;default&#8220; global_colors_info=&#8220;{}&#8220; theme_builder_area=&#8220;post_content&#8220;][et_pb_heading title=&#8220;Ein Raum, der inspiriert &#8211; ein Design, das funktioniert &#8220; _builder_version=&#8220;4.27.4&#8243; _module_preset=&#8220;70ca3a47-083f-4fec-b823-4e113ca78e7b&#8220; title_font=&#8220;&#8211;et_global_body_font|100|||||||&#8220; title_text_align=&#8220;center&#8220; title_text_color=&#8220;#FFFFFF&#8220; title_font_size=&#8220;22px&#8220; title_letter_spacing=&#8220;2px&#8220; max_width=&#8220;1080px&#8220; module_alignment=&#8220;center&#8220; animation_style=&#8220;slide&#8220; animation_direction=&#8220;bottom&#8220; title_font_size_last_edited=&#8220;off|phone&#8220; global_colors_info=&#8220;{}&#8220; theme_builder_area=&#8220;post_content&#8220;][\/et_pb_heading][\/et_pb_column][\/et_pb_row][\/et_pb_section][et_pb_section fb_built=&#8220;1&#8243; admin_label=&#8220;Listings&#8220; module_id=&#8220;projekte&#8220; _builder_version=&#8220;4.27.4&#8243; _module_preset=&#8220;default&#8220; custom_padding=&#8220;||0px||false|false&#8220; locked=&#8220;off&#8220; global_colors_info=&#8220;{}&#8220; theme_builder_area=&#8220;post_content&#8220;][et_pb_row _builder_version=&#8220;4.25.2&#8243; _module_preset=&#8220;8422f81f-2505-4202-aa78-d58dab0ba937&#8243; global_colors_info=&#8220;{}&#8220; theme_builder_area=&#8220;post_content&#8220;][et_pb_column type=&#8220;4_4&#8243; _builder_version=&#8220;4.25.2&#8243; _module_preset=&#8220;default&#8220; global_colors_info=&#8220;{}&#8220; theme_builder_area=&#8220;post_content&#8220;][et_pb_heading title=&#8220;Projekte&#8220; _builder_version=&#8220;4.27.4&#8243; _module_preset=&#8220;8b7c5072-7d4e-4cdc-9cd6-e97c3201e116&#8243; title_font=&#8220;&#8211;et_global_heading_font|100||on|||||&#8220; title_font_size=&#8220;26px&#8220; title_letter_spacing=&#8220;2px&#8220; locked=&#8220;off&#8220; global_colors_info=&#8220;{}&#8220; theme_builder_area=&#8220;post_content&#8220;][\/et_pb_heading][\/et_pb_column][\/et_pb_row][et_pb_row column_structure=&#8220;1_3,1_3,1_3&#8243; use_custom_gutter=&#8220;on&#8220; gutter_width=&#8220;2&#8243; _builder_version=&#8220;4.25.2&#8243; _module_preset=&#8220;8422f81f-2505-4202-aa78-d58dab0ba937&#8243; global_module=&#8220;260716&#8243; saved_tabs=&#8220;all&#8220; locked=&#8220;off&#8220; global_colors_info=&#8220;{}&#8220; theme_builder_area=&#8220;post_content&#8220;][et_pb_column type=&#8220;1_3&#8243; _builder_version=&#8220;4.25.2&#8243; _module_preset=&#8220;default&#8220; global_colors_info=&#8220;{}&#8220; theme_builder_area=&#8220;post_content&#8220;][et_pb_image src=&#8220;https:\/\/scandiarchitektur.ch\/wp-content\/uploads\/2025\/03\/01_TWH.webp&#8220; alt=&#8220;Sauna-Projekt von SCANDIArchitektur \u2013 skandinavisches Design mit nachhaltigen Materialien&#8220; title_text=&#8220;01_TWH&#8220; url=&#8220;@ET-DC@eyJkeW5hbWljIjp0cnVlLCJjb250ZW50IjoicG9zdF9saW5rX3VybF9wYWdlIiwic2V0dGluZ3MiOnsicG9zdF9pZCI6IjI2MTMzOSIsImVuYWJsZV9odG1sIjoib2ZmIn19@&#8220; _builder_version=&#8220;4.27.4&#8243; _dynamic_attributes=&#8220;url&#8220; _module_preset=&#8220;5e5f1cd5-4e26-4acd-82c0-acf04c2787fe&#8220; max_width_tablet=&#8220;65%&#8220; max_width_phone=&#8220;100%&#8220; max_width_last_edited=&#8220;on|tablet&#8220; filter_saturate=&#8220;100%&#8220; module_alignment_tablet=&#8220;center&#8220; module_alignment_phone=&#8220;&#8220; module_alignment_last_edited=&#8220;on|tablet&#8220; global_colors_info=&#8220;{}&#8220; filter_saturate__hover_enabled=&#8220;off|desktop&#8220; theme_builder_area=&#8220;post_content&#8220;][\/et_pb_image][et_pb_button button_url=&#8220;@ET-DC@eyJkeW5hbWljIjp0cnVlLCJjb250ZW50IjoicG9zdF9saW5rX3VybF9wYWdlIiwic2V0dGluZ3MiOnsicG9zdF9pZCI6IjI2MTMzOSIsImVuYWJsZV9odG1sIjoib2ZmIn19@&#8220; button_text=&#8220;Sauna als Baderweiterung&#8220; button_alignment=&#8220;center&#8220; _builder_version=&#8220;4.27.4&#8243; _dynamic_attributes=&#8220;button_url&#8220; _module_preset=&#8220;ab7483dd-9b82-4275-b1c3-7ba3f33d8310&#8243; button_text_size=&#8220;14px&#8220; button_border_width=&#8220;0px&#8220; button_use_icon=&#8220;on&#8220; button_icon=&#8220;&#x24;||divi||400&#8243; custom_padding=&#8220;4px|25px|4px|25px|true|true&#8220; global_colors_info=&#8220;{%22gcid-2ebbc52c-9ee6-4712-a077-fcaec9b98540%22:%91%22button_text_color%22%93,%22gcid-9d262c7e-6d67-4587-933c-30183e6ff134%22:%91%22button_text_color%22,%22button_border_color%22%93}&#8220; theme_builder_area=&#8220;post_content&#8220;][\/et_pb_button][\/et_pb_column][et_pb_column type=&#8220;1_3&#8243; _builder_version=&#8220;4.25.2&#8243; _module_preset=&#8220;default&#8220; global_colors_info=&#8220;{}&#8220; theme_builder_area=&#8220;post_content&#8220;][et_pb_image src=&#8220;https:\/\/scandiarchitektur.ch\/wp-content\/uploads\/2025\/03\/PRZ_5281-2.webp&#8220; alt=&#8220;Einfamilienhaus-Projekt von SCANDIArchitektur \u2013 modernes skandinavisches Design mit nachhaltiger Architektur&#8220; title_text=&#8220;Einfamilienhaus Projekt Scandi Architektur&#8220; url=&#8220;@ET-DC@eyJkeW5hbWljIjp0cnVlLCJjb250ZW50IjoicG9zdF9saW5rX3VybF9wYWdlIiwic2V0dGluZ3MiOnsicG9zdF9pZCI6IjI2MDc2NiIsImVuYWJsZV9odG1sIjoib2ZmIn19@&#8220; _builder_version=&#8220;4.27.4&#8243; _dynamic_attributes=&#8220;url&#8220; _module_preset=&#8220;5e5f1cd5-4e26-4acd-82c0-acf04c2787fe&#8220; max_width_tablet=&#8220;65%&#8220; max_width_phone=&#8220;100%&#8220; max_width_last_edited=&#8220;on|tablet&#8220; filter_saturate=&#8220;100%&#8220; module_alignment_tablet=&#8220;center&#8220; module_alignment_phone=&#8220;&#8220; module_alignment_last_edited=&#8220;on|tablet&#8220; global_colors_info=&#8220;{}&#8220; filter_saturate__hover_enabled=&#8220;off|desktop&#8220; theme_builder_area=&#8220;post_content&#8220;][\/et_pb_image][et_pb_button button_url=&#8220;@ET-DC@eyJkeW5hbWljIjp0cnVlLCJjb250ZW50IjoicG9zdF9saW5rX3VybF9wYWdlIiwic2V0dGluZ3MiOnsicG9zdF9pZCI6IjI2MDc2NiIsImVuYWJsZV9odG1sIjoib2ZmIn19@&#8220; button_text=&#8220;SCHOKOLADENK\u00dcCHE&#8220; button_alignment=&#8220;center&#8220; _builder_version=&#8220;4.27.4&#8243; _dynamic_attributes=&#8220;button_url&#8220; _module_preset=&#8220;ab7483dd-9b82-4275-b1c3-7ba3f33d8310&#8243; button_text_size=&#8220;14px&#8220; button_border_width=&#8220;0px&#8220; button_use_icon=&#8220;on&#8220; button_icon=&#8220;&#x24;||divi||400&#8243; custom_padding=&#8220;4px|25px|4px|25px|true|true&#8220; global_colors_info=&#8220;{%22gcid-2ebbc52c-9ee6-4712-a077-fcaec9b98540%22:%91%22button_text_color%22%93,%22gcid-9d262c7e-6d67-4587-933c-30183e6ff134%22:%91%22button_text_color%22,%22button_border_color%22%93}&#8220; theme_builder_area=&#8220;post_content&#8220;][\/et_pb_button][\/et_pb_column][et_pb_column type=&#8220;1_3&#8243; _builder_version=&#8220;4.25.2&#8243; _module_preset=&#8220;default&#8220; global_colors_info=&#8220;{}&#8220; theme_builder_area=&#8220;post_content&#8220;][et_pb_image src=&#8220;https:\/\/scandiarchitektur.ch\/wp-content\/uploads\/2025\/03\/01_KAN_Main.jpg&#8220; alt=&#8220;Kanzlei-Projekt von SCANDIArchitektur \u2013 modernes, skandinavisches Design und pr\u00e4zise Architekturplanung&#8220; title_text=&#8220;Kanzlei Projekt Scandi Architektur&#8220; url=&#8220;@ET-DC@eyJkeW5hbWljIjp0cnVlLCJjb250ZW50IjoicG9zdF9saW5rX3VybF9wYWdlIiwic2V0dGluZ3MiOnsicG9zdF9pZCI6IjI2MDY4MSIsImVuYWJsZV9odG1sIjoib2ZmIn19@&#8220; _builder_version=&#8220;4.27.4&#8243; _dynamic_attributes=&#8220;url&#8220; _module_preset=&#8220;5e5f1cd5-4e26-4acd-82c0-acf04c2787fe&#8220; max_width_tablet=&#8220;65%&#8220; max_width_phone=&#8220;100%&#8220; max_width_last_edited=&#8220;on|tablet&#8220; filter_saturate=&#8220;100%&#8220; module_alignment_tablet=&#8220;center&#8220; module_alignment_phone=&#8220;&#8220; module_alignment_last_edited=&#8220;on|tablet&#8220; global_colors_info=&#8220;{}&#8220; filter_saturate__hover_enabled=&#8220;off|desktop&#8220; theme_builder_area=&#8220;post_content&#8220;][\/et_pb_image][et_pb_button button_url=&#8220;@ET-DC@eyJkeW5hbWljIjp0cnVlLCJjb250ZW50IjoicG9zdF9saW5rX3VybF9wYWdlIiwic2V0dGluZ3MiOnsicG9zdF9pZCI6IjI2MDY4MSIsImVuYWJsZV9odG1sIjoib2ZmIn19@&#8220; button_text=&#8220;Nike von Samothrake&#8220; button_alignment=&#8220;center&#8220; _builder_version=&#8220;4.27.4&#8243; _dynamic_attributes=&#8220;button_url&#8220; _module_preset=&#8220;ab7483dd-9b82-4275-b1c3-7ba3f33d8310&#8243; button_text_size=&#8220;14px&#8220; button_border_width=&#8220;0px&#8220; button_use_icon=&#8220;on&#8220; button_icon=&#8220;&#x24;||divi||400&#8243; custom_padding=&#8220;4px|25px|4px|25px|true|true&#8220; global_colors_info=&#8220;{%22gcid-2ebbc52c-9ee6-4712-a077-fcaec9b98540%22:%91%22button_text_color%22%93,%22gcid-9d262c7e-6d67-4587-933c-30183e6ff134%22:%91%22button_text_color%22,%22button_border_color%22%93}&#8220; theme_builder_area=&#8220;post_content&#8220;][\/et_pb_button][\/et_pb_column][\/et_pb_row][et_pb_row _builder_version=&#8220;4.27.4&#8243; _module_preset=&#8220;default&#8220; width=&#8220;90%&#8220; max_width=&#8220;1500px&#8220; global_colors_info=&#8220;{}&#8220; theme_builder_area=&#8220;post_content&#8220;][et_pb_column type=&#8220;4_4&#8243; _builder_version=&#8220;4.27.4&#8243; _module_preset=&#8220;default&#8220; global_colors_info=&#8220;{}&#8220; theme_builder_area=&#8220;post_content&#8220;][et_pb_button button_url=&#8220;@ET-DC@eyJkeW5hbWljIjp0cnVlLCJjb250ZW50IjoicG9zdF9saW5rX3VybF9wYWdlIiwic2V0dGluZ3MiOnsicG9zdF9pZCI6IjExMiIsImVuYWJsZV9odG1sIjoib2ZmIn19@&#8220; button_text=&#8220;Alle anzeigen&#8220; button_alignment=&#8220;left&#8220; _builder_version=&#8220;4.27.4&#8243; _dynamic_attributes=&#8220;button_url&#8220; _module_preset=&#8220;66bdfbf5-b648-4e47-acab-fd005b2ca56d&#8220; button_text_color=&#8220;#000000&#8243; button_bg_color=&#8220;RGBA(255,255,255,0)&#8220; button_border_radius=&#8220;0px&#8220; button_letter_spacing=&#8220;2px&#8220; button_font=&#8220;|300||on|||||&#8220; button_use_icon=&#8220;on&#8220; button_icon=&#8220;&#x24;||divi||400&#8243; button_on_hover=&#8220;off&#8220; custom_padding=&#8220;18px|0px|18px|0px|true|true&#8220; box_shadow_style=&#8220;preset4&#8243; box_shadow_horizontal=&#8220;0px&#8220; box_shadow_vertical=&#8220;1px&#8220; box_shadow_color=&#8220;#000000&#8243; saved_tabs=&#8220;all&#8220; global_colors_info=&#8220;{%22gcid-heading-color%22:%91%22button_text_color%22,%22box_shadow_color%22%93}&#8220; box_shadow_vertical__hover_enabled=&#8220;on|hover&#8220; box_shadow_vertical__hover=&#8220;0px&#8220; theme_builder_area=&#8220;post_content&#8220;][\/et_pb_button][\/et_pb_column][\/et_pb_row][\/et_pb_section][et_pb_section fb_built=&#8220;1&#8243; admin_label=&#8220;Services&#8220; module_id=&#8220;offer&#8220; _builder_version=&#8220;4.27.4&#8243; _module_preset=&#8220;default&#8220; background_color=&#8220;RGBA(255,255,255,0)&#8220; custom_padding=&#8220;||0px||false|false&#8220; locked=&#8220;off&#8220; global_colors_info=&#8220;{}&#8220; theme_builder_area=&#8220;post_content&#8220;][et_pb_row column_structure=&#8220;1_2,1_2&#8243; use_custom_gutter=&#8220;on&#8220; gutter_width=&#8220;4&#8243; make_equal=&#8220;on&#8220; _builder_version=&#8220;4.27.4&#8243; _module_preset=&#8220;default&#8220; width=&#8220;90%&#8220; width_tablet=&#8220;90%&#8220; width_phone=&#8220;80%&#8220; width_last_edited=&#8220;on|phone&#8220; max_width=&#8220;1500px&#8220; border_color_bottom=&#8220;RGBA(255,255,255,0)&#8220; global_colors_info=&#8220;{}&#8220; theme_builder_area=&#8220;post_content&#8220;][et_pb_column type=&#8220;1_2&#8243; _builder_version=&#8220;4.25.2&#8243; _module_preset=&#8220;default&#8220; global_colors_info=&#8220;{}&#8220; theme_builder_area=&#8220;post_content&#8220;][et_pb_text _builder_version=&#8220;4.27.4&#8243; _module_preset=&#8220;84dcf858-cc6a-4ff0-9451-ab4aaf706b7f&#8220; text_font=&#8220;|300|||||||&#8220; text_letter_spacing=&#8220;1px&#8220; header_font=&#8220;&#8211;et_global_heading_font|100||on|||||&#8220; header_text_color=&#8220;gcid-53054839-b83d-4ef0-8659-8a010e6148fd&#8220; header_letter_spacing=&#8220;2px&#8220; header_2_font=&#8220;&#8211;et_global_heading_font|100||on|||||&#8220; header_2_text_color=&#8220;gcid-53054839-b83d-4ef0-8659-8a010e6148fd&#8220; header_2_font_size=&#8220;48px&#8220; header_2_letter_spacing=&#8220;2px&#8220; header_3_font=&#8220;&#8211;et_global_heading_font|100||on|||||&#8220; header_3_text_color=&#8220;gcid-53054839-b83d-4ef0-8659-8a010e6148fd&#8220; header_3_font_size=&#8220;48px&#8220; header_3_letter_spacing=&#8220;2px&#8220; header_4_font=&#8220;&#8211;et_global_heading_font|100||on|||||&#8220; header_4_font_size=&#8220;14px&#8220; header_4_letter_spacing=&#8220;2px&#8220; header_5_font=&#8220;&#8211;et_global_heading_font|100||on|||||&#8220; header_5_text_color=&#8220;gcid-53054839-b83d-4ef0-8659-8a010e6148fd&#8220; header_5_font_size=&#8220;48px&#8220; header_5_letter_spacing=&#8220;2px&#8220; header_6_font=&#8220;&#8211;et_global_heading_font|100||on|||||&#8220; header_6_text_color=&#8220;gcid-53054839-b83d-4ef0-8659-8a010e6148fd&#8220; header_6_font_size=&#8220;48px&#8220; header_6_letter_spacing=&#8220;2px&#8220; text_orientation=&#8220;justified&#8220; custom_margin=&#8220;||||false|false&#8220; header_2_font_size_tablet=&#8220;40px&#8220; header_2_font_size_phone=&#8220;24px&#8220; header_2_font_size_last_edited=&#8220;on|tablet&#8220; header_3_font_size_tablet=&#8220;40px&#8220; header_3_font_size_phone=&#8220;24px&#8220; header_3_font_size_last_edited=&#8220;on|tablet&#8220; header_4_font_size_tablet=&#8220;40px&#8220; header_4_font_size_phone=&#8220;24px&#8220; header_4_font_size_last_edited=&#8220;off|phone&#8220; header_5_font_size_tablet=&#8220;40px&#8220; header_5_font_size_phone=&#8220;24px&#8220; header_6_font_size_tablet=&#8220;40px&#8220; header_6_font_size_phone=&#8220;24px&#8220; header_6_font_size_last_edited=&#8220;on|tablet&#8220; global_colors_info=&#8220;{%22gcid-53054839-b83d-4ef0-8659-8a010e6148fd%22:%91%22title_text_color%22,%22title_text_color%22,%22title_text_color%22,%22title_text_color%22,%22title_text_color%22,%22title_text_color%22,%22title_text_color%22,%22title_text_color%22,%22title_text_color%22,%22title_text_color%22%93,%22gcid-3af73ac2-c4c8-42bd-8ed2-428105015650%22:%91%22link_text_color%22%93}&#8220; theme_builder_area=&#8220;post_content&#8220;]<\/p>\n<h4>Architektura SCANDIA<\/h4>\n<p>SCANDIArchitektur to zesp\u00f3\u0142 zajmuj\u0105cy si\u0119 architektur\u0105 z pasj\u0105 i precyzj\u0105. Nasze podej\u015bcie \u0142\u0105czy estetyk\u0119 skandynawskiego designu z jako\u015bci\u0105 szwajcarskiej architektury, tworz\u0105c przestrzenie, kt\u00f3re s\u0105 zar\u00f3wno funkcjonalne, jak i estetyczne. Skupiamy si\u0119 na czystych liniach, graj\u0105c naturalnym \u015bwiat\u0142em i integruj\u0105c zr\u00f3wnowa\u017cone materia\u0142y, aby tworzy\u0107 przestrzenie, kt\u00f3re przekazuj\u0105 ciep\u0142o i g\u0142\u0119bokie po\u0142\u0105czenie z natur\u0105.<\/p>\n<p>Jako nowoczesne biuro projektowe z do\u015bwiadczeniem i rozwag\u0105 zarz\u0105dzamy r\u00f3\u017cnorodnymi i wymagaj\u0105cymi projektami. Robi\u0105c to, polegamy na metodycznym podej\u015bciu, kt\u00f3re pozostawia miejsce na kreatywny rozw\u00f3j i stawia potrzeby naszych klient\u00f3w w centrum uwagi.<\/p>\n<p>[\/et_pb_text][et_pb_text _builder_version=&#8220;4.27.4&#8243; _module_preset=&#8220;84dcf858-cc6a-4ff0-9451-ab4aaf706b7f&#8220; text_font=&#8220;&#8211;et_global_body_font|100|||||||&#8220; text_text_color=&#8220;#000000&#8243; text_letter_spacing=&#8220;1px&#8220; header_font=&#8220;&#8211;et_global_heading_font|100||on|||||&#8220; header_text_color=&#8220;gcid-53054839-b83d-4ef0-8659-8a010e6148fd&#8220; header_letter_spacing=&#8220;2px&#8220; header_2_font=&#8220;&#8211;et_global_heading_font|100||on|||||&#8220; header_2_text_color=&#8220;gcid-53054839-b83d-4ef0-8659-8a010e6148fd&#8220; header_2_font_size=&#8220;48px&#8220; header_2_letter_spacing=&#8220;2px&#8220; header_3_font=&#8220;&#8211;et_global_heading_font|100||on|||||&#8220; header_3_text_color=&#8220;gcid-53054839-b83d-4ef0-8659-8a010e6148fd&#8220; header_3_font_size=&#8220;48px&#8220; header_3_letter_spacing=&#8220;2px&#8220; header_4_font=&#8220;&#8211;et_global_heading_font|100||on|||||&#8220; header_4_font_size=&#8220;14px&#8220; header_4_letter_spacing=&#8220;2px&#8220; header_5_font=&#8220;&#8211;et_global_heading_font|100||on|||||&#8220; header_5_text_color=&#8220;gcid-53054839-b83d-4ef0-8659-8a010e6148fd&#8220; header_5_font_size=&#8220;48px&#8220; header_5_letter_spacing=&#8220;2px&#8220; header_6_font=&#8220;&#8211;et_global_heading_font|100||on|||||&#8220; header_6_text_color=&#8220;gcid-53054839-b83d-4ef0-8659-8a010e6148fd&#8220; header_6_font_size=&#8220;48px&#8220; header_6_letter_spacing=&#8220;2px&#8220; text_orientation=&#8220;justified&#8220; custom_margin=&#8220;||||false|false&#8220; header_2_font_size_tablet=&#8220;40px&#8220; header_2_font_size_phone=&#8220;24px&#8220; header_2_font_size_last_edited=&#8220;on|tablet&#8220; header_3_font_size_tablet=&#8220;40px&#8220; header_3_font_size_phone=&#8220;24px&#8220; header_3_font_size_last_edited=&#8220;on|tablet&#8220; header_4_font_size_tablet=&#8220;40px&#8220; header_4_font_size_phone=&#8220;24px&#8220; header_5_font_size_tablet=&#8220;40px&#8220; header_5_font_size_phone=&#8220;24px&#8220; header_6_font_size_tablet=&#8220;40px&#8220; header_6_font_size_phone=&#8220;24px&#8220; header_6_font_size_last_edited=&#8220;on|tablet&#8220; global_colors_info=&#8220;{}&#8220; theme_builder_area=&#8220;post_content&#8220;]<\/p>\n<p>Skandynawski design | Szwajcarska jako\u015b\u0107 | Polskie wyko\u0144czenie<\/p>\n<p>[\/et_pb_text][\/et_pb_column][et_pb_column type=&#8220;1_2&#8243; _builder_version=&#8220;4.25.2&#8243; _module_preset=&#8220;default&#8220; global_colors_info=&#8220;{}&#8220; theme_builder_area=&#8220;post_content&#8220;][et_pb_text _builder_version=&#8220;4.27.4&#8243; _module_preset=&#8220;84dcf858-cc6a-4ff0-9451-ab4aaf706b7f&#8220; text_font=&#8220;|300|||||||&#8220; text_letter_spacing=&#8220;1px&#8220; header_font=&#8220;&#8211;et_global_heading_font|100||on|||||&#8220; header_text_color=&#8220;gcid-53054839-b83d-4ef0-8659-8a010e6148fd&#8220; header_letter_spacing=&#8220;2px&#8220; header_2_font=&#8220;&#8211;et_global_heading_font|100||on|||||&#8220; header_2_text_color=&#8220;gcid-53054839-b83d-4ef0-8659-8a010e6148fd&#8220; header_2_font_size=&#8220;48px&#8220; header_2_letter_spacing=&#8220;2px&#8220; header_3_font=&#8220;&#8211;et_global_heading_font|100||on|||||&#8220; header_3_text_color=&#8220;gcid-53054839-b83d-4ef0-8659-8a010e6148fd&#8220; header_3_font_size=&#8220;48px&#8220; header_3_letter_spacing=&#8220;2px&#8220; header_4_font=&#8220;&#8211;et_global_heading_font|100||on|||||&#8220; header_4_font_size=&#8220;14px&#8220; header_4_letter_spacing=&#8220;2px&#8220; header_5_font=&#8220;&#8211;et_global_heading_font|100||on|||||&#8220; header_5_text_color=&#8220;gcid-53054839-b83d-4ef0-8659-8a010e6148fd&#8220; header_5_font_size=&#8220;48px&#8220; header_5_letter_spacing=&#8220;2px&#8220; header_6_font=&#8220;&#8211;et_global_heading_font|100||on|||||&#8220; header_6_text_color=&#8220;gcid-53054839-b83d-4ef0-8659-8a010e6148fd&#8220; header_6_font_size=&#8220;48px&#8220; header_6_letter_spacing=&#8220;2px&#8220; text_orientation=&#8220;justified&#8220; custom_margin=&#8220;||||false|false&#8220; header_2_font_size_tablet=&#8220;40px&#8220; header_2_font_size_phone=&#8220;24px&#8220; header_2_font_size_last_edited=&#8220;on|tablet&#8220; header_3_font_size_tablet=&#8220;40px&#8220; header_3_font_size_phone=&#8220;24px&#8220; header_3_font_size_last_edited=&#8220;on|tablet&#8220; header_4_font_size_tablet=&#8220;40px&#8220; header_4_font_size_phone=&#8220;24px&#8220; header_4_font_size_last_edited=&#8220;off|phone&#8220; header_5_font_size_tablet=&#8220;40px&#8220; header_5_font_size_phone=&#8220;24px&#8220; header_6_font_size_tablet=&#8220;40px&#8220; header_6_font_size_phone=&#8220;24px&#8220; header_6_font_size_last_edited=&#8220;on|tablet&#8220; custom_css_free_form=&#8220;#containerIntro h1,||#containerIntro p {||    display: inline;||    vertical-align: top;||}&#8220; global_colors_info=&#8220;{%22gcid-53054839-b83d-4ef0-8659-8a010e6148fd%22:%91%22title_text_color%22,%22title_text_color%22,%22title_text_color%22,%22title_text_color%22,%22title_text_color%22,%22title_text_color%22,%22title_text_color%22,%22title_text_color%22,%22title_text_color%22,%22title_text_color%22%93,%22gcid-3af73ac2-c4c8-42bd-8ed2-428105015650%22:%91%22link_text_color%22%93}&#8220; theme_builder_area=&#8220;post_content&#8220;]<\/p>\n<h4>Dlaczego SCANDIArchitecture?<\/h4>\n<p>- Nordic: Nasze do\u015bwiadczenie w skandynawskim designie pozwala nam w\u0142\u0105czy\u0107 ponadczasow\u0105 elegancj\u0119 i naturalno\u015b\u0107 do ka\u017cdego projektu.<\/p>\n<p>- Jako\u015b\u0107: Z najwy\u017csz\u0105 precyzj\u0105 i dba\u0142o\u015bci\u0105 o szczeg\u00f3\u0142y tworzymy rozwi\u0105zania, kt\u00f3re s\u0105 zar\u00f3wno funkcjonalne, jak i trwa\u0142e.<\/p>\n<p>- Zr\u00f3wnowa\u017cony rozw\u00f3j: Polegamy na przyjaznych dla \u015brodowiska materia\u0142ach i technologiach, kt\u00f3re oferuj\u0105 d\u0142ugoterminow\u0105 warto\u015b\u0107.<\/p>\n<p>- Dostosowane do potrzeb: Ka\u017cdy projekt jest opracowywany z uwzgl\u0119dnieniem konkretnych \u017cycze\u0144 i potrzeb naszych klient\u00f3w.<\/p>\n<p>- Referencje: Nasze projekty w Szwajcarii, Finlandii, Niemczech i Polsce s\u0105 dowodem naszego do\u015bwiadczenia i zaufania naszych klient\u00f3w.<\/p>\n<p>- Wsp\u00f3\u0142praca: Wierzymy w si\u0142\u0119 wsp\u00f3\u0142pracy i znaczenie otwartej komunikacji w ca\u0142ym procesie planowania.<\/p>\n<p>[\/et_pb_text][\/et_pb_column][\/et_pb_row][\/et_pb_section]<\/p>","protected":false},"excerpt":{"rendered":"<p>SCANDIArchitektur SCANDIArchitektur to zesp\u00f3\u0142 zajmuj\u0105cy si\u0119 architektur\u0105 z pasj\u0105 i precyzj\u0105. Nasze podej\u015bcie \u0142\u0105czy estetyk\u0119 skandynawskiego designu z jako\u015bci\u0105 szwajcarskiej architektury, tworz\u0105c przestrzenie, kt\u00f3re s\u0105 zar\u00f3wno funkcjonalne, jak i estetyczne. Skupiamy si\u0119 na czystych liniach, grze naturalnego \u015bwiat\u0142a i integracji zr\u00f3wnowa\u017conych materia\u0142\u00f3w, [...]<\/p>","protected":false},"author":1,"featured_media":0,"parent":0,"menu_order":0,"comment_status":"closed","ping_status":"closed","template":"","meta":{"_et_pb_use_builder":"on","_et_pb_old_content":"","_et_gb_content_width":"","_monsterinsights_skip_tracking":false,"_monsterinsights_sitenote_active":false,"_monsterinsights_sitenote_note":"","_monsterinsights_sitenote_category":0,"footnotes":""},"class_list":["post-261645","page","type-page","status-publish","hentry"],"_links":{"self":[{"href":"https:\/\/scandiarchitektur.ch\/pl\/wp-json\/wp\/v2\/pages\/261645","targetHints":{"allow":["GET"]}}],"collection":[{"href":"https:\/\/scandiarchitektur.ch\/pl\/wp-json\/wp\/v2\/pages"}],"about":[{"href":"https:\/\/scandiarchitektur.ch\/pl\/wp-json\/wp\/v2\/types\/page"}],"author":[{"embeddable":true,"href":"https:\/\/scandiarchitektur.ch\/pl\/wp-json\/wp\/v2\/users\/1"}],"replies":[{"embeddable":true,"href":"https:\/\/scandiarchitektur.ch\/pl\/wp-json\/wp\/v2\/comments?post=261645"}],"version-history":[{"count":6,"href":"https:\/\/scandiarchitektur.ch\/pl\/wp-json\/wp\/v2\/pages\/261645\/revisions"}],"predecessor-version":[{"id":261695,"href":"https:\/\/scandiarchitektur.ch\/pl\/wp-json\/wp\/v2\/pages\/261645\/revisions\/261695"}],"wp:attachment":[{"href":"https:\/\/scandiarchitektur.ch\/pl\/wp-json\/wp\/v2\/media?parent=261645"}],"curies":[{"name":"wp","href":"https:\/\/api.w.org\/{rel}","templated":true}]}}